{"id":1140,"date":"2016-02-10T10:44:33","date_gmt":"2016-02-10T09:44:33","guid":{"rendered":"https:\/\/www.rentacaralexzlatibor.com\/home\/"},"modified":"2022-07-17T10:40:51","modified_gmt":"2022-07-17T08:40:51","slug":"home","status":"publish","type":"page","link":"https:\/\/www.rentacaralexzlatibor.com\/en\/","title":{"rendered":"Home page"},"content":{"rendered":"<div id=\"pl-1140\"  class=\"panel-layout\" ><div id=\"pg-1140-0\"  class=\"panel-grid panel-has-style\" ><div class=\"popover-icon-box-with-line siteorigin-panels-stretch panel-row-style panel-row-style-for-1140-0\" data-stretch-type=\"full\" ><div id=\"pgc-1140-0-0\"  class=\"panel-grid-cell\" ><div id=\"panel-1140-0-0-0\" class=\"so-panel widget widget_pw_icon_box_with_popover widget-icon-box-with-popover panel-first-child panel-last-child\" data-index=\"0\" >\n\t\t\t\t<div class=\"popover-icon-box  js-popover-icon-box\">\n\t\t\t\t\t<i class=\"fa  fa-clock-o\"><\/i>\n\t\t\t\t\t<div class=\"popover-icon-box__text\">\n\t\t\t\t\t\t<h4 class=\"popover-icon-box__title\">Working time<\/h4>\n\t\t\t\t\t\t<span class=\"popover-icon-box__subtitle\">Monday - Sunday: 00.00 - 24.00<\/span>\n\t\t\t\t\t\t<div class=\"btn  popover-icon-box__button\"><\/div>\n\t\t\t\t\t<\/div>\n\t\t\t\t<\/div>\n\t\t\t\t<div class=\"popover-icon-box-content\">\n\t\t\t\t\t<div id=\"pl-w62d3cb13bbbf7\"  class=\"panel-layout\" ><div id=\"pg-w62d3cb13bbbf7-0\"  class=\"panel-grid panel-no-style\" ><div id=\"pgc-w62d3cb13bbbf7-0-0\"  class=\"panel-grid-cell\" ><div id=\"panel-w62d3cb13bbbf7-0-0-0\" class=\"so-panel widget widget_pw_opening_time opening-time panel-first-child panel-last-child\" data-index=\"0\" >\n\t<div class=\"time-table\">\n\n\t\t\n\t\t<div class=\"inner-bg\">\n\t\t\t\t\t\t\t<dl class=\"week-day \">\n\t\t\t\t\t<dt>Monday<\/dt>\n\t\t\t\t\t<dd class=\"week-day__line\"><\/dd>\n\t\t\t\t\t<dd>00:00-24:00<\/dd>\n\t\t\t\t<\/dl>\n\t\t\t\t\t\t\t<dl class=\"week-day  light-bg\">\n\t\t\t\t\t<dt>Tuesday<\/dt>\n\t\t\t\t\t<dd class=\"week-day__line\"><\/dd>\n\t\t\t\t\t<dd>00:00-24:00<\/dd>\n\t\t\t\t<\/dl>\n\t\t\t\t\t\t\t<dl class=\"week-day \">\n\t\t\t\t\t<dt>Wednesday<\/dt>\n\t\t\t\t\t<dd class=\"week-day__line\"><\/dd>\n\t\t\t\t\t<dd>00:00-24:00<\/dd>\n\t\t\t\t<\/dl>\n\t\t\t\t\t\t\t<dl class=\"week-day  light-bg\">\n\t\t\t\t\t<dt>Thursday<\/dt>\n\t\t\t\t\t<dd class=\"week-day__line\"><\/dd>\n\t\t\t\t\t<dd>00:00-24:00<\/dd>\n\t\t\t\t<\/dl>\n\t\t\t\t\t\t\t<dl class=\"week-day  today\">\n\t\t\t\t\t<dt>Friday<\/dt>\n\t\t\t\t\t<dd class=\"week-day__line\"><\/dd>\n\t\t\t\t\t<dd>00:00-24:00<\/dd>\n\t\t\t\t<\/dl>\n\t\t\t\t\t\t\t<dl class=\"week-day  light-bg\">\n\t\t\t\t\t<dt>Saturday<\/dt>\n\t\t\t\t\t<dd class=\"week-day__line\"><\/dd>\n\t\t\t\t\t<dd>00:00-24:00<\/dd>\n\t\t\t\t<\/dl>\n\t\t\t\t\t\t\t<dl class=\"week-day \">\n\t\t\t\t\t<dt>Sunday<\/dt>\n\t\t\t\t\t<dd class=\"week-day__line\"><\/dd>\n\t\t\t\t\t<dd>00:00-24:00<\/dd>\n\t\t\t\t<\/dl>\n\t\t\t\t\t<\/div>\n\n\t\t\n\t<\/div>\n\n<\/div><\/div><\/div><\/div>\t\t\t\t<\/div>\n\n\t\t\t<\/div><\/div><div id=\"pgc-1140-0-1\"  class=\"panel-grid-cell\" ><div id=\"panel-1140-0-1-0\" class=\"so-panel widget widget_pw_icon_box_with_popover widget-icon-box-with-popover panel-first-child panel-last-child\" data-index=\"1\" >\n\t\t\t\t<div class=\"popover-icon-box  js-popover-icon-box\">\n\t\t\t\t\t<i class=\"fa  fa-home\"><\/i>\n\t\t\t\t\t<div class=\"popover-icon-box__text\">\n\t\t\t\t\t\t<h4 class=\"popover-icon-box__title\">How to find us<\/h4>\n\t\t\t\t\t\t<span class=\"popover-icon-box__subtitle\">Shopping center bb Villa \"Jezero\" Zlatibor<\/span>\n\t\t\t\t\t\t<div class=\"btn  popover-icon-box__button\"><\/div>\n\t\t\t\t\t<\/div>\n\t\t\t\t<\/div>\n\t\t\t\t<div class=\"popover-icon-box-content\">\n\t\t\t\t\t<div id=\"pl-w62d3cb13bbc88\"  class=\"panel-layout\" ><div id=\"pg-w62d3cb13bbc88-0\"  class=\"panel-grid panel-no-style\" ><div id=\"pgc-w62d3cb13bbc88-0-0\"  class=\"panel-grid-cell\" ><div id=\"panel-w62d3cb13bbc88-0-0-0\" class=\"so-panel widget widget_sow-editor panel-first-child panel-last-child\" data-index=\"0\" ><div\n\t\t\t\n\t\t\tclass=\"so-widget-sow-editor so-widget-sow-editor-base\"\n\t\t\t\n\t\t>\n<div class=\"siteorigin-widget-tinymce textwidget\">\n\t<h5><span style=\"color:#999999;\">Shopping center bb Villa \"Jezero\" Zlatibor<\/span><\/h5>\n<p><span><span class=\"icon-container\"><span class=\"fa fa-phone\" style=\"color:#cccccc;\"><\/span><\/span>  +38131\/846-100, +38169\/636-636<\/span><span><br \/>\n<\/span><span><span class=\"icon-container\"><span class=\"fa fa-envelope\" style=\"color:#cccccc;\"><\/span><\/span> \u00a0 office@rentacaralexzlatibor.com<br \/>\n<\/span><\/p>\n<\/div>\n<\/div><\/div><\/div><\/div><\/div>\t\t\t\t<\/div>\n\n\t\t\t<\/div><\/div><div id=\"pgc-1140-0-2\"  class=\"panel-grid-cell\" ><div id=\"panel-1140-0-2-0\" class=\"so-panel widget widget_pw_icon_box_with_popover widget-icon-box-with-popover panel-first-child panel-last-child\" data-index=\"2\" >\n\t\t\t\t<div class=\"popover-icon-box  js-popover-icon-box\">\n\t\t\t\t\t<i class=\"fa  fa-tags\"><\/i>\n\t\t\t\t\t<div class=\"popover-icon-box__text\">\n\t\t\t\t\t\t<h4 class=\"popover-icon-box__title\">Contact phone<\/h4>\n\t\t\t\t\t\t<span class=\"popover-icon-box__subtitle\">+38131\/846-100, +38169\/636-636<\/span>\n\t\t\t\t\t\t<div class=\"btn  popover-icon-box__button\"><\/div>\n\t\t\t\t\t<\/div>\n\t\t\t\t<\/div>\n\t\t\t\t<div class=\"popover-icon-box-content\">\n\t\t\t\t\t<div id=\"pl-w62d3cb13bbd0c\"  class=\"panel-layout\" ><div id=\"pg-w62d3cb13bbd0c-0\"  class=\"panel-grid panel-no-style\" ><div id=\"pgc-w62d3cb13bbd0c-0-0\"  class=\"panel-grid-cell\" ><div id=\"panel-w62d3cb13bbd0c-0-0-0\" class=\"so-panel widget widget_sow-editor panel-first-child panel-last-child\" data-index=\"0\" ><div\n\t\t\t\n\t\t\tclass=\"so-widget-sow-editor so-widget-sow-editor-base\"\n\t\t\t\n\t\t>\n<div class=\"siteorigin-widget-tinymce textwidget\">\n\t<h4><span style=\"color: #cccccc;\">+38131\/846-100, +38169\/636-636<\/span><\/h4>\n<\/div>\n<\/div><\/div><\/div><\/div><\/div>\t\t\t\t<\/div>\n\n\t\t\t<\/div><\/div><\/div><\/div><div id=\"pg-1140-1\"  class=\"panel-grid panel-no-style\" ><div id=\"pgc-1140-1-0\"  class=\"panel-grid-cell\" ><div id=\"panel-1140-1-0-0\" class=\"so-panel widget widget_sow-editor panel-first-child panel-last-child\" data-index=\"3\" ><div class=\"widget-title--big panel-widget-style panel-widget-style-for-1140-1-0-0\" ><div\n\t\t\t\n\t\t\tclass=\"so-widget-sow-editor so-widget-sow-editor-base\"\n\t\t\t\n\t\t><h3 class=\"widget-title\"><span class=\"widget-title__inline\">ABOUT US<\/span><\/h3>\n<div class=\"siteorigin-widget-tinymce textwidget\">\n\t<p><img loading=\"lazy\" class=\"wp-image-819 size-medium alignleft\" src=\"https:\/\/www.rentacaralexzlatibor.com\/wp-content\/uploads\/2018\/06\/20171019_174909-300x225.jpg\" alt=\"\" width=\"300\" height=\"225\" srcset=\"https:\/\/www.rentacaralexzlatibor.com\/wp-content\/uploads\/2018\/06\/20171019_174909-300x225.jpg 300w, https:\/\/www.rentacaralexzlatibor.com\/wp-content\/uploads\/2018\/06\/20171019_174909-768x576.jpg 768w, https:\/\/www.rentacaralexzlatibor.com\/wp-content\/uploads\/2018\/06\/20171019_174909-1024x768.jpg 1024w, https:\/\/www.rentacaralexzlatibor.com\/wp-content\/uploads\/2018\/06\/20171019_174909-540x405.jpg 540w, https:\/\/www.rentacaralexzlatibor.com\/wp-content\/uploads\/2018\/06\/20171019_174909-600x450.jpg 600w\" sizes=\"(max-width: 300px) 100vw, 300px\" \/>Alex Taxi\u00a0Zlatibor has been operating since 2013 and Rent A Car since 2007. With great enthusiasm and the desire to offer our customers a comfortable and safe ride in our offer, we include new vehicles and services.<\/p>\n<p><img loading=\"lazy\" class=\"wp-image-821 size-medium alignleft\" src=\"https:\/\/www.rentacaralexzlatibor.com\/wp-content\/uploads\/2018\/06\/SDC13217-300x225.jpg\" alt=\"\" width=\"300\" height=\"225\" srcset=\"https:\/\/www.rentacaralexzlatibor.com\/wp-content\/uploads\/2018\/06\/SDC13217-300x225.jpg 300w, https:\/\/www.rentacaralexzlatibor.com\/wp-content\/uploads\/2018\/06\/SDC13217-768x576.jpg 768w, https:\/\/www.rentacaralexzlatibor.com\/wp-content\/uploads\/2018\/06\/SDC13217-1024x768.jpg 1024w, https:\/\/www.rentacaralexzlatibor.com\/wp-content\/uploads\/2018\/06\/SDC13217-540x405.jpg 540w, https:\/\/www.rentacaralexzlatibor.com\/wp-content\/uploads\/2018\/06\/SDC13217-600x450.jpg 600w\" sizes=\"(max-width: 300px) 100vw, 300px\" \/>The experience of the driver and the comfort of the vehicle make Alex Taxi the right choice for your ride whether it is at Zlatibor or any location in Serbia, Montenegro or Bosnia and Herzegovina.<\/p>\n<\/div>\n<\/div><\/div><\/div><\/div><div id=\"pgc-1140-1-1\"  class=\"panel-grid-cell\" ><div id=\"panel-1140-1-1-0\" class=\"so-panel widget widget_pw_steps widget-steps panel-first-child panel-last-child\" data-index=\"4\" ><div class=\"widget-title--big panel-widget-style panel-widget-style-for-1140-1-1-0\" >\n\t\t\t<h3 class=\"widget-title\"><span class=\"widget-title__inline\">SERVICES<\/span><\/h3>\t\n\t<div class=\"steps\">\n\t\t\t\t\t<div class=\"step\">\n\t\t\t\t<div class=\"step__title\">\n\t\t\t\t\tRent A Car\t\t\t\t<\/div>\n\t\t\t\t<p class=\"step__content\">\n\t\t\t\tWe offer new Toyota Auris. \u0160koda Octavia and Rapid\t\t\t\t<\/p>\n\t\t\t\t<div class=\"step__number\">\n\t\t\t\t\t1\t\t\t\t<\/div>\n\t\t\t<\/div>\n\t\t\t\t\t<div class=\"step\">\n\t\t\t\t<div class=\"step__title\">\n\t\t\t\t\tTaxi\t\t\t\t<\/div>\n\t\t\t\t<p class=\"step__content\">\n\t\t\t\tReliable and secure tax, Alex Taxi Zlatibor.\t\t\t\t<\/p>\n\t\t\t\t<div class=\"step__number\">\n\t\t\t\t\t2\t\t\t\t<\/div>\n\t\t\t<\/div>\n\t\t\t<\/div>\n\n<\/div><\/div><\/div><\/div><div id=\"pg-1140-2\"  class=\"panel-grid panel-has-style\" ><div class=\"siteorigin-panels-stretch panel-row-style panel-row-style-for-1140-2\" data-stretch-type=\"full\" ><div id=\"pgc-1140-2-0\"  class=\"panel-grid-cell\" ><div id=\"panel-1140-2-0-0\" class=\"so-panel widget widget_pw_call_to_action widget-call-to-action panel-first-child panel-last-child\" data-index=\"5\" >\t\t\t\t<div class=\"call-to-action\">\n\t\t\t\t\t<div class=\"call-to-action__text\">\n\t\t\t\t\t\t<h4 class=\"call-to-action__title\">\n\t\t\t\t\t\t\tBook a car online\t\t\t\t\t\t<\/h4>\n\t\t\t\t\t\t\t\t\t\t\t\t<p class=\"call-to-action__subtitle\">\n\t\t\t\t\t\t\tIn order to book a vehicle, you need to fill out the form and our operator will contact you to confirm your booking details\t\t\t\t\t\t<\/p>\n\t\t\t\t\t\t\t\t\t\t\t<\/div>\n\t\t\t\t\t<div class=\"call-to-action__button\">\n\t\t\t\t\t\t<a class=\"btn  btn-primary  btn-dashed\" href=\"https:\/\/www.rentacaralexzlatibor.com\/en\/booking\" target=\"_self\"> BOOK NOW<\/a>\t\t\t\t\t<\/div>\n\t\t\t\t<\/div>\n\t\t\t<\/div><\/div><\/div><\/div><div id=\"pg-1140-3\"  class=\"panel-grid panel-has-style\" ><div class=\"siteorigin-panels-stretch panel-row-style panel-row-style-for-1140-3\" data-stretch-type=\"full\" ><div id=\"pgc-1140-3-0\"  class=\"panel-grid-cell\" ><div id=\"panel-1140-3-0-0\" class=\"so-panel widget widget_pw_portfolio_grid widget-portfolio-grid panel-first-child panel-last-child\" data-index=\"6\" >\t\t\t\t\t<div class=\"portfolio-grid  portfolio-grid--slider\" data-type=\"slider\">\n\t\t\t\t\t\t\t\t\t\t<nav class=\"portfolio-grid__header\">\n\t\t\t\t\t\t\t\t\t\t\t<div class=\"portfolio-grid__arrows  js-wpg-arrows\">\n\t\t\t\t\t\t\t<a class=\"portfolio-grid__arrow  portfolio-grid__arrow--left\" href=\"#portfolio-grid-widget-3-0-0\" role=\"button\" data-slide=\"prev\">\n\t\t\t\t\t\t\t\t<span class=\"fa fa-chevron-left\" aria-hidden=\"true\"><\/span>\n\t\t\t\t\t\t\t\t<span class=\"sr-only\">Previous<\/span>\n\t\t\t\t\t\t\t<\/a><a class=\"portfolio-grid__arrow  portfolio-grid__arrow--right\" href=\"#portfolio-grid-widget-3-0-0\" role=\"button\" data-slide=\"next\">\n\t\t\t\t\t\t\t\t<span class=\"fa fa-chevron-right\" aria-hidden=\"true\"><\/span>\n\t\t\t\t\t\t\t\t<span class=\"sr-only\">Next<\/span>\n\t\t\t\t\t\t\t<\/a>\n\t\t\t\t\t\t<\/div>\n\t\t\t\t\t\n\t\t\t\t\t<a href=\"#\" class=\"portfolio-grid__mobile-filter  js-filter  btn  btn-primary  btn-sm  hidden-lg-up\">\n\t\t\t\t\t\t<span class=\"fa  fa-filter\"><\/span> &nbsp;\n\t\t\t\t\t\tFILTER\t\t\t\t\t<\/a>\n\n\t\t\t\t\t<ul class=\"portfolio-grid__nav  js-wpg-nav-holder\">\n\t\t\t\t\t\t<li class=\"portfolio-grid__nav-item  portfolio-grid__nav-item--text\">Brands:<\/li>\n\t\t\t\t\t\t<li class=\"portfolio-grid__nav-item  is-active\" >\n\t\t\t\t\t\t\t<a href=\"#widget-3-0-0-all\" data-category=\"*\" class=\"portfolio-grid__nav-link  js-wpg-nav\">All<\/a>\n\t\t\t\t\t\t<\/li>\n\t\t\t\t\t\t\t\t\t\t\t\t\t<li class=\"portfolio-grid__nav-item\">\n\t\t\t\t\t\t\t\t<a href=\"#widget-3-0-0-skoda\" data-category=\"skoda-en\" class=\"portfolio-grid__nav-link  js-wpg-nav\">\u0160KODA<\/a>\n\t\t\t\t\t\t\t<\/li>\n\t\t\t\t\t\t\t\t\t\t\t<\/ul>\n\t\t\t\t<\/nav>\n\t\t\t\t\t\t\t\t\t<div id=\"portfolio-grid-widget-3-0-0\" class=\"carousel  slide\" data-ride=\"carousel\" data-interval=\"false\">\n\t\t\t\t\t\t\t<div class=\"carousel-inner  js-wpg-items\" role=\"listbox\">\n\t\t\t\t\t\t\t\t<div class=\"carousel-item  active\">\n\t\t\t\t\t\t\t\t\t<div class=\"row\">\n\t\t\t\t\t\t\t\t\t\t\t\t\t<div class=\"col-xs-12  col-sm-6  col-lg-3  js-wpg-item\" data-categories=\"skoda-en\">\n\t\t\t\t<a class=\"card  portfolio-grid__card  js-wpg-card\" href=\"https:\/\/www.rentacaralexzlatibor.com\/en\/cars\/skoda-octavia-2017\/\">\n\t\t\t\t\t<img width=\"360\" height=\"180\" src=\"https:\/\/www.rentacaralexzlatibor.com\/wp-content\/uploads\/2016\/02\/2017-Skoda-Octavia-review-777x437-1-360x180.jpg\" class=\"card-img-top  portfolio-grid__card-img wp-post-image\" alt=\"\" loading=\"lazy\" \/>\t\t\t\t\t<div class=\"card-block  portfolio-grid__card-block\">\n\t\t\t\t\t\t<h5 class=\"card-title  portfolio-grid__card-title\">\u0160koda Octavia 2017<\/h5>\n\t\t\t\t\t\t\t\t\t\t\t\t\t<p class=\"portfolio-grid__card-price\">5200rsd\/day<\/p>\n\t\t\t\t\t\t\t\t\t\t\t\t\t\t\t\t\t\t\t<div class=\"portfolio-grid__card-items\">\n\t\t\t\t\t\t\t\t\t\t\t\t\t\t\t\t\t<p class=\"portfolio-grid__card-item\">\n\t\t\t\t\t\t\t\t\t\tLimousine\t\t\t\t\t\t\t\t\t<\/p>\n\t\t\t\t\t\t\t\t\t\t\t\t\t\t\t\t\t<p class=\"portfolio-grid__card-item\">\n\t\t\t\t\t\t\t\t\t\t2017\t\t\t\t\t\t\t\t\t<\/p>\n\t\t\t\t\t\t\t\t\t\t\t\t\t\t\t\t\t<p class=\"portfolio-grid__card-item\">\n\t\t\t\t\t\t\t\t\t\tGasoline\t\t\t\t\t\t\t\t\t<\/p>\n\t\t\t\t\t\t\t\t\t\t\t\t\t\t\t<\/div>\n\t\t\t\t\t\t\t\t\t\t\t<\/div>\n\t\t\t\t<\/a>\n\t\t\t<\/div>\n\t\t\t\t\t\t<div class=\"col-xs-12  col-sm-6  col-lg-3  js-wpg-item\" data-categories=\"skoda-en\">\n\t\t\t\t<a class=\"card  portfolio-grid__card  js-wpg-card\" href=\"https:\/\/www.rentacaralexzlatibor.com\/en\/cars\/skoda-rapid-2016-2\/\">\n\t\t\t\t\t<img width=\"360\" height=\"180\" src=\"https:\/\/www.rentacaralexzlatibor.com\/wp-content\/uploads\/2018\/06\/new-skoda-rapid-official-image-colours-flash-red-1-360x180.png\" class=\"card-img-top  portfolio-grid__card-img wp-post-image\" alt=\"\" loading=\"lazy\" \/>\t\t\t\t\t<div class=\"card-block  portfolio-grid__card-block\">\n\t\t\t\t\t\t<h5 class=\"card-title  portfolio-grid__card-title\">\u0160koda Rapid 2016<\/h5>\n\t\t\t\t\t\t\t\t\t\t\t\t\t<p class=\"portfolio-grid__card-price\">5200rsd\/dan<\/p>\n\t\t\t\t\t\t\t\t\t\t\t\t\t\t\t\t\t\t\t<div class=\"portfolio-grid__card-items\">\n\t\t\t\t\t\t\t\t\t\t\t\t\t\t\t\t\t<p class=\"portfolio-grid__card-item\">\n\t\t\t\t\t\t\t\t\t\tLimousine\t\t\t\t\t\t\t\t\t<\/p>\n\t\t\t\t\t\t\t\t\t\t\t\t\t\t\t\t\t<p class=\"portfolio-grid__card-item\">\n\t\t\t\t\t\t\t\t\t\t2016\t\t\t\t\t\t\t\t\t<\/p>\n\t\t\t\t\t\t\t\t\t\t\t\t\t\t\t\t\t<p class=\"portfolio-grid__card-item\">\n\t\t\t\t\t\t\t\t\t\tGasoline\t\t\t\t\t\t\t\t\t<\/p>\n\t\t\t\t\t\t\t\t\t\t\t\t\t\t\t<\/div>\n\t\t\t\t\t\t\t\t\t\t\t<\/div>\n\t\t\t\t<\/a>\n\t\t\t<\/div>\n\t\t\t\t\t\t\t\t\t\t\t\t<\/div>\n\t\t\t\t\t\t\t\t<\/div>\n\t\t\t\t\t\t\t<\/div>\n\t\t\t\t\t\t<\/div>\n\t\t\t\t\t<\/div>\n\t\t\t\t\t<\/div><\/div><\/div><\/div><div id=\"pg-1140-4\"  class=\"panel-grid panel-no-style\" ><div id=\"pgc-1140-4-0\"  class=\"panel-grid-cell\" ><div id=\"panel-1140-4-0-0\" class=\"so-panel widget widget_pw_testimonials widget-testimonials panel-first-child panel-last-child\" data-index=\"7\" ><div class=\"widget-title--big panel-widget-style panel-widget-style-for-1140-4-0-0\" >\n\t<h3 class=\"widget-title\"><span class=\"widget-title__inline\">Testimonials<\/span><\/h3>\n\t\t\t<div class=\"testimonial__carousel__container\">\n\t\t\t<a class=\"testimonial__carousel  testimonial__carousel--left\" href=\"#carousel-testimonials-widget-4-0-0\" data-slide=\"prev\"><i class=\"fa  fa-chevron-left\" aria-hidden=\"true\"><\/i><span class=\"sr-only\" role=\"button\">Next<\/span><\/a>\n\t\t\t<a class=\"testimonial__carousel  testimonial__carousel--right\" href=\"#carousel-testimonials-widget-4-0-0\" data-slide=\"next\"><i class=\"fa  fa-chevron-right\" aria-hidden=\"true\"><\/i><span class=\"sr-only\" role=\"button\">Previous<\/span><\/a>\n\t\t<\/div>\n\t\n\t<div class=\"testimonial__container\">\n\t\t<div id=\"carousel-testimonials-widget-4-0-0\" class=\"carousel  slide  testimonial\" data-ride=\"carousel\" data-interval=\"false\">\n\t\t\t<!-- Wrapper for slides -->\n\t\t\t<div class=\"carousel-inner\" role=\"listbox\">\n\t\t\t\t<div class=\"carousel-item active\">\n\t\t\t\t\t<div class=\"row\">\n\t\t\t\t\t\t\t\t\t\t\t\t\t<div class=\"col-xs-12  col-sm-6\">\n\t\t\t\t\t\t\t\t<blockquote>\n\t\t\t\t\t\t\t\t\t<p class=\"testimonial__quote\">\n\t\t\t\t\t\t\t\t\t\tNa poslednjem boravku na Zlatiboru iznajmio sam rent a car vozilo i moje iskustvo sa agencijom Alex je izuzetno. brzo, lako i profesionalno. Automobili su u odli\u010dnom stanju i cene su povoljne. Ako tra\u017eite profesionalnu uslugu na pravom ste mestu.\t\t\t\t\t\t\t\t\t<\/p>\n\t\t\t\t\t\t\t\t<\/blockquote>\n\t\t\t\t\t\t\t\t<div class=\"testimonial__author\">\n\t\t\t\t\t\t\t\t\t<cite class=\"testimonial__author-name\">\n\t\t\t\t\t\t\t\t\t\tPetar Maksi\u0107\t\t\t\t\t\t\t\t\t<\/cite>\n\t\t\t\t\t\t\t\t\t\t\t\t\t\t\t\t\t\t\t<div class=\"testimonial__author-description\">\n\t\t\t\t\t\t\t\t\t\t\tNovi Sad\t\t\t\t\t\t\t\t\t\t<\/div>\n\t\t\t\t\t\t\t\t\t\t\t\t\t\t\t\t\t<\/div>\n\t\t\t\t\t\t\t<\/div>\n\t\t\t\t\t\t\t\t\t\t\t\t\t<div class=\"col-xs-12  col-sm-6\">\n\t\t\t\t\t\t\t\t<blockquote>\n\t\t\t\t\t\t\t\t\t<p class=\"testimonial__quote\">\n\t\t\t\t\t\t\t\t\t\tNa preporuku prijatelja sam do\u0161ao do Rent A Car Alex-a. Usluga je odli\u010dna, automobili novi. Ne uzimaju depozit kao ve\u0107ina agencija. Nemam ni jednu zamerku.\t\t\t\t\t\t\t\t\t<\/p>\n\t\t\t\t\t\t\t\t<\/blockquote>\n\t\t\t\t\t\t\t\t<div class=\"testimonial__author\">\n\t\t\t\t\t\t\t\t\t<cite class=\"testimonial__author-name\">\n\t\t\t\t\t\t\t\t\t\tSini\u0161a Toti\u0107\t\t\t\t\t\t\t\t\t<\/cite>\n\t\t\t\t\t\t\t\t\t\t\t\t\t\t\t\t\t\t\t<div class=\"testimonial__author-description\">\n\t\t\t\t\t\t\t\t\t\t\tBeograd\t\t\t\t\t\t\t\t\t\t<\/div>\n\t\t\t\t\t\t\t\t\t\t\t\t\t\t\t\t\t<\/div>\n\t\t\t\t\t\t\t<\/div>\n\t\t\t\t\t\t<\/div><\/div> <div class=\"carousel-item\"><div class=\"row\">\t\t\t\t\t\t\t<div class=\"col-xs-12  col-sm-6\">\n\t\t\t\t\t\t\t\t<blockquote>\n\t\t\t\t\t\t\t\t\t<p class=\"testimonial__quote\">\n\t\t\t\t\t\t\t\t\t\tBoravio sam poslovno na Zlatiboru i firma je iznajmila vozilo za vreme mog boravka na Zlatiboru. Cene su povoljne, vozila nova i \u010dista. Kada budem ponovo dolazio na Zlatibor sigurno \u0107u ponovo rentirati vozilo.\t\t\t\t\t\t\t\t\t<\/p>\n\t\t\t\t\t\t\t\t<\/blockquote>\n\t\t\t\t\t\t\t\t<div class=\"testimonial__author\">\n\t\t\t\t\t\t\t\t\t<cite class=\"testimonial__author-name\">\n\t\t\t\t\t\t\t\t\t\tSenad Topi\u0107\t\t\t\t\t\t\t\t\t<\/cite>\n\t\t\t\t\t\t\t\t\t\t\t\t\t\t\t\t\t\t\t<div class=\"testimonial__author-description\">\n\t\t\t\t\t\t\t\t\t\t\tSarajevo\t\t\t\t\t\t\t\t\t\t<\/div>\n\t\t\t\t\t\t\t\t\t\t\t\t\t\t\t\t\t<\/div>\n\t\t\t\t\t\t\t<\/div>\n\t\t\t\t\t\t\t\t\t\t\t<\/div>\n\t\t\t\t<\/div>\n\t\t\t<\/div>\n\t\t<\/div>\n\t<\/div>\n\n<\/div><\/div><\/div><\/div><div id=\"pg-1140-5\"  class=\"panel-grid panel-has-style\" ><div class=\"siteorigin-panels-stretch panel-row-style panel-row-style-for-1140-5\" data-stretch-type=\"full\" ><div id=\"pgc-1140-5-0\"  class=\"panel-grid-cell\" ><div id=\"panel-1140-5-0-0\" class=\"so-panel widget widget_sow-editor panel-first-child panel-last-child\" data-index=\"8\" ><div\n\t\t\t\n\t\t\tclass=\"so-widget-sow-editor so-widget-sow-editor-base\"\n\t\t\t\n\t\t>\n<div class=\"siteorigin-widget-tinymce textwidget\">\n\t<h1>TAXI SERVICE PRICES<\/h1>\n<a class=\"btn  btn-primary\" href=\"https:\/\/www.rentacaralexzlatibor.com\/en\/pricelist\/\" target=\"_self\"> Detailed pricelist<\/a>\n<\/div>\n<\/div><\/div><\/div><div id=\"pgc-1140-5-1\"  class=\"panel-grid-cell\" ><div id=\"panel-1140-5-1-0\" class=\"so-panel widget widget_siteorigin-panels-builder panel-first-child panel-last-child\" data-index=\"9\" ><div id=\"pl-w62d3cb13bc269\"  class=\"panel-layout\" ><div id=\"pg-w62d3cb13bc269-0\"  class=\"panel-grid panel-no-style\" ><div id=\"pgc-w62d3cb13bc269-0-0\"  class=\"panel-grid-cell\" ><div id=\"panel-w62d3cb13bc269-0-0-0\" class=\"so-panel widget widget_pw_pricing_list widget-pricing-list panel-first-child panel-last-child\" data-index=\"0\" >\n\t<div class=\"pricing-list\">\n\t\t\t\t\t<div class=\"pricing-list__widget-title\">\n\t\t\t\t<h3 class=\"widget-title\"><span class=\"widget-title__inline\">Prices on Zlatibor<\/span><\/h3>\t\t\t<\/div>\n\t\t\t\t\t\t\t<div class=\"pricing-list__item\">\n\t\t\t\t\t\t\t\t\t<span class=\"pricing-list__badge\">Fixed<\/span>\n\t\t\t\t\t\t\t\t<span class=\"pricing-list__title\">Start<\/span>\n\t\t\t\t<span class=\"pricing-list__line\"><\/span>\n\t\t\t\t<span class=\"pricing-list__price\"><\/span>\n\t\t\t\t\t\t\t<\/div>\n\t\t\t\t\t<div class=\"pricing-list__item\">\n\t\t\t\t\t\t\t\t<span class=\"pricing-list__title\">Kilometer<\/span>\n\t\t\t\t<span class=\"pricing-list__line\"><\/span>\n\t\t\t\t<span class=\"pricing-list__price\"><\/span>\n\t\t\t\t\t\t\t<\/div>\n\t\t\t\t\t<div class=\"pricing-list__item\">\n\t\t\t\t\t\t\t\t<span class=\"pricing-list__title\">Waiting<\/span>\n\t\t\t\t<span class=\"pricing-list__line\"><\/span>\n\t\t\t\t<span class=\"pricing-list__price\"><\/span>\n\t\t\t\t\t\t\t<\/div>\n\t\t\t\t\t<div class=\"pricing-list__item\">\n\t\t\t\t\t\t\t\t<span class=\"pricing-list__title\">Delivery<\/span>\n\t\t\t\t<span class=\"pricing-list__line\"><\/span>\n\t\t\t\t<span class=\"pricing-list__price\"><\/span>\n\t\t\t\t\t\t\t<\/div>\n\t\t\t<\/div>\n\n<\/div><\/div><div id=\"pgc-w62d3cb13bc269-0-1\"  class=\"panel-grid-cell\" ><div id=\"panel-w62d3cb13bc269-0-1-0\" class=\"so-panel widget widget_pw_pricing_list widget-pricing-list panel-first-child panel-last-child\" data-index=\"1\" >\n\t<div class=\"pricing-list\">\n\t\t\t\t\t<div class=\"pricing-list__widget-title\">\n\t\t\t\t<h3 class=\"widget-title\"><span class=\"widget-title__inline\">Destinations<\/span><\/h3>\t\t\t<\/div>\n\t\t\t\t\t\t\t<div class=\"pricing-list__item\">\n\t\t\t\t\t\t\t\t<span class=\"pricing-list__title\"><\/span>\n\t\t\t\t<span class=\"pricing-list__line\"><\/span>\n\t\t\t\t<span class=\"pricing-list__price\"><\/span>\n\t\t\t\t\t\t\t<\/div>\n\t\t\t\t\t<div class=\"pricing-list__item\">\n\t\t\t\t\t\t\t\t<span class=\"pricing-list__title\"><\/span>\n\t\t\t\t<span class=\"pricing-list__line\"><\/span>\n\t\t\t\t<span class=\"pricing-list__price\"><\/span>\n\t\t\t\t\t\t\t<\/div>\n\t\t\t\t\t<div class=\"pricing-list__item\">\n\t\t\t\t\t\t\t\t<span class=\"pricing-list__title\"><\/span>\n\t\t\t\t<span class=\"pricing-list__line\"><\/span>\n\t\t\t\t<span class=\"pricing-list__price\"><\/span>\n\t\t\t\t\t\t\t<\/div>\n\t\t\t\t\t<div class=\"pricing-list__item\">\n\t\t\t\t\t\t\t\t<span class=\"pricing-list__title\"><\/span>\n\t\t\t\t<span class=\"pricing-list__line\"><\/span>\n\t\t\t\t<span class=\"pricing-list__price\"><\/span>\n\t\t\t\t\t\t\t<\/div>\n\t\t\t\t\t<div class=\"pricing-list__item\">\n\t\t\t\t\t\t\t\t<span class=\"pricing-list__title\"><\/span>\n\t\t\t\t<span class=\"pricing-list__line\"><\/span>\n\t\t\t\t<span class=\"pricing-list__price\"><\/span>\n\t\t\t\t\t\t\t<\/div>\n\t\t\t<\/div>\n\n<\/div><\/div><\/div><\/div><\/div><\/div><\/div><\/div><\/div>","protected":false},"excerpt":{"rendered":"<p>ABOUT US Alex Taxi\u00a0Zlatibor has been operating since 2013 and Rent A Car since 2007. With great enthusiasm and the desire to offer our customers a comfortable and safe ride in our offer, we include new vehicles and services. The experience of the driver and the comfort of the vehicle make Alex Taxi the right &hellip;<\/p>\n","protected":false},"author":1,"featured_media":0,"parent":0,"menu_order":0,"comment_status":"closed","ping_status":"closed","template":"template-front-page-slider.php","meta":[],"_links":{"self":[{"href":"https:\/\/www.rentacaralexzlatibor.com\/en\/wp-json\/wp\/v2\/pages\/1140"}],"collection":[{"href":"https:\/\/www.rentacaralexzlatibor.com\/en\/wp-json\/wp\/v2\/pages"}],"about":[{"href":"https:\/\/www.rentacaralexzlatibor.com\/en\/wp-json\/wp\/v2\/types\/page"}],"author":[{"embeddable":true,"href":"https:\/\/www.rentacaralexzlatibor.com\/en\/wp-json\/wp\/v2\/users\/1"}],"replies":[{"embeddable":true,"href":"https:\/\/www.rentacaralexzlatibor.com\/en\/wp-json\/wp\/v2\/comments?post=1140"}],"version-history":[{"count":22,"href":"https:\/\/www.rentacaralexzlatibor.com\/en\/wp-json\/wp\/v2\/pages\/1140\/revisions"}],"predecessor-version":[{"id":1471,"href":"https:\/\/www.rentacaralexzlatibor.com\/en\/wp-json\/wp\/v2\/pages\/1140\/revisions\/1471"}],"wp:attachment":[{"href":"https:\/\/www.rentacaralexzlatibor.com\/en\/wp-json\/wp\/v2\/media?parent=1140"}],"curies":[{"name":"wp","href":"https:\/\/api.w.org\/{rel}","templated":true}]}}