{"id":1254,"date":"2016-02-25T17:32:54","date_gmt":"2016-02-25T16:32:54","guid":{"rendered":"https:\/\/www.rentacaralexzlatibor.com\/rentacar\/"},"modified":"2025-11-14T14:08:05","modified_gmt":"2025-11-14T13:08:05","slug":"rentacar","status":"publish","type":"page","link":"https:\/\/www.rentacaralexzlatibor.com\/ru\/rentacar\/","title":{"rendered":"\u0410\u0440\u0435\u043d\u0434\u0430 \u0430\u0432\u0442\u043e\u043c\u043e\u0431\u0438\u043b\u0435\u0439"},"content":{"rendered":"<div id=\"pl-1254\"  class=\"panel-layout\" ><div id=\"pg-1254-0\"  class=\"panel-grid panel-no-style\" ><div id=\"pgc-1254-0-0\"  class=\"panel-grid-cell\" ><div id=\"panel-1254-0-0-0\" class=\"so-panel widget widget_text panel-first-child panel-last-child\" data-index=\"0\" >\t\t\t<div class=\"textwidget\"><p>Rent A Car Alex Zlatibor je firma koja se bavi pru\u017eanjem Rent a Car usluga. Na\u0161i klijenti mogu da o\u010dekuju uslugu maksimalnog kvaliteta i mo\u017eemo da odogovorimo \u017eeljama najzahtevnijih korisnika.<\/p>\n<p>Na\u0161a podr\u0161ka radi 24\/7. U skladu sa na\u0161om politikom poslovanja svim klijentima mo\u017eemo maksimalno da iza\u0111emo u susret i obezbedimo im siguran prevoz sa ili bez voza\u010da.<\/p>\n<p>U svojoj ponudi imamo SKODA OCTAVIA, SKODA RAPID, RENAULT CLIO,FORD PUMA AUTOMATIC, SKODA OCTAVIA KARAVAN AUTOMATIC<\/p>\n<p>\u200bUz vozila mogu\u0107e je iznajmiti i dodatnu opremu koja Vam je neophodna za ugodno i bezbedno putovanje.<\/p>\n<p>Od dodatne opreme na zahtev mo\u017eete iznajmiti:<\/p>\n<ul>\n<li>GPS navigacija<\/li>\n<li>De\u010dije auto sedi\u0161te<\/li>\n<\/ul>\n<p>Sva vozila su Kasko osigurana.<\/p>\n<p>Vozila se preuzimaju kod nas u agenciji gde se i vra\u0107aju u dogovoreno\u00a0 vreme. Ne napla\u0107uje se depozit, a ne kontroli\u0161e se ni kilometra\u017ea.<\/p>\n<p>&nbsp;<\/p>\n<p>&nbsp;<\/p>\n<\/div>\n\t\t<\/div><\/div><div id=\"pgc-1254-0-1\"  class=\"panel-grid-cell\" ><div id=\"panel-1254-0-1-1\" class=\"so-panel widget widget_text panel-last-child\" data-index=\"2\" >\t\t\t<div class=\"textwidget\"><div id=\"panel-172-0-1-1\" class=\"widget_text so-panel widget widget_custom_html panel-last-child\" data-index=\"2\">\n<div class=\"textwidget custom-html-widget\">\n<h2>\u0410\u0440\u0435\u043d\u0434\u0430 \u0430\u0432\u0442\u043e\u043c\u043e\u0431\u0438\u043b\u0435\u0439 \u0442\u0435\u043b\u0435\u0444\u043e\u043d: 031 848 131<\/h2>\n<h2>\u00a0 \u00a0\u00a0 069\/636-636<\/h2>\n<\/div>\n<\/div>\n<\/div>\n\t\t<\/div><\/div><\/div><div id=\"pg-1254-1\"  class=\"panel-grid panel-has-style\" ><div class=\"panel-row-style panel-row-style-for-1254-1\" ><div id=\"pgc-1254-1-0\"  class=\"panel-grid-cell\" ><div id=\"panel-1254-1-0-0\" class=\"so-panel widget widget_pw_portfolio_grid widget-portfolio-grid panel-first-child panel-last-child\" data-index=\"3\" >\t\t\t\t\t<div class=\"portfolio-grid  portfolio-grid--grid\" data-type=\"grid\">\n\t\t\t\t\t\t\t\t\t<nav class=\"portfolio-grid__header\">\n\t\t\t\t\t\n\t\t\t\t\t<a href=\"#\" class=\"portfolio-grid__mobile-filter  js-filter  btn  btn-primary  btn-sm  hidden-lg-up\">\n\t\t\t\t\t\t<span class=\"fa  fa-filter\"><\/span> &nbsp;\n\t\t\t\t\t\tFILTER\t\t\t\t\t<\/a>\n\n\t\t\t\t\t<ul class=\"portfolio-grid__nav  js-wpg-nav-holder\">\n\t\t\t\t\t\t<li class=\"portfolio-grid__nav-item  portfolio-grid__nav-item--text\">\u041c\u0430\u0440\u043a\u0430:<\/li>\n\t\t\t\t\t\t<li class=\"portfolio-grid__nav-item  is-active\" >\n\t\t\t\t\t\t\t<a href=\"#widget-1-0-0-all\" data-category=\"*\" class=\"portfolio-grid__nav-link  js-wpg-nav\">\u0412\u0441\u0435<\/a>\n\t\t\t\t\t\t<\/li>\n\t\t\t\t\t\t\t\t\t\t\t\t\t<li class=\"portfolio-grid__nav-item\">\n\t\t\t\t\t\t\t\t<a href=\"#widget-1-0-0-skoda1\" data-category=\"skoda\" class=\"portfolio-grid__nav-link  js-wpg-nav\">\u0160KODA1<\/a>\n\t\t\t\t\t\t\t<\/li>\n\t\t\t\t\t\t\t\t\t\t\t<\/ul>\n\t\t\t\t<\/nav>\n\t\t\t\t\t\t\t\t\t<div class=\"js-wpg-items\">\n\t\t\t\t\t\t\t<div class=\"row\">\n\t\t\t\t\t\t\t\t\t\t<div class=\"col-xs-12  col-sm-6  col-lg-3  js-wpg-item\" data-categories=\"skoda\">\n\t\t\t\t<a class=\"card  portfolio-grid__card  js-wpg-card\" href=\"https:\/\/www.rentacaralexzlatibor.com\/ru\/cars\/oktavia\/\">\n\t\t\t\t\t<img width=\"360\" height=\"180\" src=\"https:\/\/www.rentacaralexzlatibor.com\/wp-content\/uploads\/2016\/02\/2017-Skoda-Octavia-review-777x437-1-360x180.jpg\" class=\"card-img-top  portfolio-grid__card-img wp-post-image\" alt=\"\" loading=\"lazy\" \/>\t\t\t\t\t<div class=\"card-block  portfolio-grid__card-block\">\n\t\t\t\t\t\t<h5 class=\"card-title  portfolio-grid__card-title\">\u0160koda Oktavia 2017<\/h5>\n\t\t\t\t\t\t\t\t\t\t\t\t\t<p class=\"portfolio-grid__card-price\">5200rsd\/dan<\/p>\n\t\t\t\t\t\t\t\t\t\t\t\t\t\t\t\t\t\t\t<div class=\"portfolio-grid__card-items\">\n\t\t\t\t\t\t\t\t\t\t\t\t\t\t\t\t\t<p class=\"portfolio-grid__card-item\">\n\t\t\t\t\t\t\t\t\t\tLimuzina\t\t\t\t\t\t\t\t\t<\/p>\n\t\t\t\t\t\t\t\t\t\t\t\t\t\t\t\t\t<p class=\"portfolio-grid__card-item\">\n\t\t\t\t\t\t\t\t\t\t2017\t\t\t\t\t\t\t\t\t<\/p>\n\t\t\t\t\t\t\t\t\t\t\t\t\t\t\t\t\t<p class=\"portfolio-grid__card-item\">\n\t\t\t\t\t\t\t\t\t\tBenzin\t\t\t\t\t\t\t\t\t<\/p>\n\t\t\t\t\t\t\t\t\t\t\t\t\t\t\t<\/div>\n\t\t\t\t\t\t\t\t\t\t\t<\/div>\n\t\t\t\t<\/a>\n\t\t\t<\/div>\n\t\t\t\t\t\t<div class=\"col-xs-12  col-sm-6  col-lg-3  js-wpg-item\" data-categories=\"skoda\">\n\t\t\t\t<a class=\"card  portfolio-grid__card  js-wpg-card\" href=\"https:\/\/www.rentacaralexzlatibor.com\/ru\/cars\/skoda-rapid-2016\/\">\n\t\t\t\t\t<img width=\"360\" height=\"180\" src=\"https:\/\/www.rentacaralexzlatibor.com\/wp-content\/uploads\/2018\/06\/new-skoda-rapid-official-image-colours-flash-red-1-360x180.png\" class=\"card-img-top  portfolio-grid__card-img wp-post-image\" alt=\"\" loading=\"lazy\" \/>\t\t\t\t\t<div class=\"card-block  portfolio-grid__card-block\">\n\t\t\t\t\t\t<h5 class=\"card-title  portfolio-grid__card-title\">\u0160koda Rapid 2016<\/h5>\n\t\t\t\t\t\t\t\t\t\t\t\t\t<p class=\"portfolio-grid__card-price\">5200rsd\/dan<\/p>\n\t\t\t\t\t\t\t\t\t\t\t\t\t\t\t\t\t\t\t<div class=\"portfolio-grid__card-items\">\n\t\t\t\t\t\t\t\t\t\t\t\t\t\t\t\t\t<p class=\"portfolio-grid__card-item\">\n\t\t\t\t\t\t\t\t\t\tLimuzina\t\t\t\t\t\t\t\t\t<\/p>\n\t\t\t\t\t\t\t\t\t\t\t\t\t\t\t\t\t<p class=\"portfolio-grid__card-item\">\n\t\t\t\t\t\t\t\t\t\t2016\t\t\t\t\t\t\t\t\t<\/p>\n\t\t\t\t\t\t\t\t\t\t\t\t\t\t\t\t\t<p class=\"portfolio-grid__card-item\">\n\t\t\t\t\t\t\t\t\t\tBenzin\t\t\t\t\t\t\t\t\t<\/p>\n\t\t\t\t\t\t\t\t\t\t\t\t\t\t\t<\/div>\n\t\t\t\t\t\t\t\t\t\t\t<\/div>\n\t\t\t\t<\/a>\n\t\t\t<\/div>\n\t\t\t\t\t\t<div class=\"col-xs-12  col-sm-6  col-lg-3  js-wpg-item\" data-categories=\"skoda\">\n\t\t\t\t<a class=\"card  portfolio-grid__card  js-wpg-card\" href=\"https:\/\/www.rentacaralexzlatibor.com\/ru\/cars\/skoda-fabia-2018\/\">\n\t\t\t\t\t<img width=\"360\" height=\"180\" src=\"https:\/\/www.rentacaralexzlatibor.com\/wp-content\/uploads\/2018\/06\/fabia-360x180.jpg\" class=\"card-img-top  portfolio-grid__card-img wp-post-image\" alt=\"\" loading=\"lazy\" \/>\t\t\t\t\t<div class=\"card-block  portfolio-grid__card-block\">\n\t\t\t\t\t\t<h5 class=\"card-title  portfolio-grid__card-title\">\u0160koda Fabia 2018<\/h5>\n\t\t\t\t\t\t\t\t\t\t\t\t\t<p class=\"portfolio-grid__card-price\">5200rsd\/dan<\/p>\n\t\t\t\t\t\t\t\t\t\t\t\t\t\t\t\t\t\t\t<div class=\"portfolio-grid__card-items\">\n\t\t\t\t\t\t\t\t\t\t\t\t\t\t\t\t\t<p class=\"portfolio-grid__card-item\">\n\t\t\t\t\t\t\t\t\t\tLimuzina\t\t\t\t\t\t\t\t\t<\/p>\n\t\t\t\t\t\t\t\t\t\t\t\t\t\t\t\t\t<p class=\"portfolio-grid__card-item\">\n\t\t\t\t\t\t\t\t\t\t2018\t\t\t\t\t\t\t\t\t<\/p>\n\t\t\t\t\t\t\t\t\t\t\t\t\t\t\t\t\t<p class=\"portfolio-grid__card-item\">\n\t\t\t\t\t\t\t\t\t\tAutomatic\t\t\t\t\t\t\t\t\t<\/p>\n\t\t\t\t\t\t\t\t\t\t\t\t\t\t\t\t\t<p class=\"portfolio-grid__card-item\">\n\t\t\t\t\t\t\t\t\t\tBenzin\t\t\t\t\t\t\t\t\t<\/p>\n\t\t\t\t\t\t\t\t\t\t\t\t\t\t\t<\/div>\n\t\t\t\t\t\t\t\t\t\t\t<\/div>\n\t\t\t\t<\/a>\n\t\t\t<\/div>\n\t\t\t\t\t\t<div class=\"col-xs-12  col-sm-6  col-lg-3  js-wpg-item\" data-categories=\"\">\n\t\t\t\t<div class=\"portfolio-grid__card  portfolio-grid__card--dummy  js-wpg-card\" href=\"https:\/\/www.rentacaralexzlatibor.com\/ru\/cars\/skoda-fabia-2018\/\">\n\t\t\t\t\t<div class=\"portfolio-grid__card-block  text-xs-center\">\n\t\t\t\t\t\t<span class=\"fa fa-road fa-3x\"><\/span>\n\t\t\t\t\t\t<h5 class=\"portfolio-grid__card-title\">\u0417\u0430\u0431\u0440\u043e\u043d\u0438\u0440\u043e\u0432\u0430\u0442\u044c \u0430\u0432\u0442\u043e\u043c\u043e\u0431\u0438\u043b\u044c<\/h5>\n\t\t\t\t\t\t<p class=\"portfolio-grid__card-text\">\u0417\u0430\u043f\u043e\u043b\u043d\u0438\u0442\u0435 \u0444\u043e\u0440\u043c\u0443, \u0447\u0442\u043e\u0431\u044b \u043f\u0440\u043e\u0432\u0435\u0440\u0438\u0442\u044c \u043d\u0430\u043b\u0438\u0447\u0438\u0435 \u0436\u0435\u043b\u0430\u0435\u043c\u043e\u0433\u043e \u0430\u0432\u0442\u043e\u043c\u043e\u0431\u0438\u043b\u044f.<\/p>\n\t\t\t\t\t\t<a href=\"https:\/\/www.rentacaralexzlatibor.com\/ru\/rezervacija\/\" class=\"portfolio-grid__cta  btn  btn-primary\">\u0420\u0415\u0417\u0415\u0420\u0412<\/a>\n\t\t\t\t\t<\/div>\n\t\t\t\t<\/div>\n\t\t\t<\/div>\n\t\t\t\t\t\t\t\t\t\t<\/div>\n\t\t\t\t\t\t<\/div>\n\t\t\t\t\t<\/div>\n\t\t\t\t\t<\/div><\/div><\/div><\/div><\/div>","protected":false},"excerpt":{"rendered":"<p>Rent A Car Alex Zlatibor je firma koja se bavi pru\u017eanjem Rent a Car usluga. Na\u0161i klijenti mogu da o\u010dekuju uslugu maksimalnog kvaliteta i mo\u017eemo da odogovorimo \u017eeljama najzahtevnijih korisnika. Na\u0161a podr\u0161ka radi 24\/7. U skladu sa na\u0161om politikom poslovanja svim klijentima mo\u017eemo maksimalno da iza\u0111emo u susret i obezbedimo im siguran prevoz sa ili &hellip;<\/p>\n","protected":false},"author":1,"featured_media":0,"parent":0,"menu_order":0,"comment_status":"closed","ping_status":"closed","template":"","meta":[],"_links":{"self":[{"href":"https:\/\/www.rentacaralexzlatibor.com\/ru\/wp-json\/wp\/v2\/pages\/1254"}],"collection":[{"href":"https:\/\/www.rentacaralexzlatibor.com\/ru\/wp-json\/wp\/v2\/pages"}],"about":[{"href":"https:\/\/www.rentacaralexzlatibor.com\/ru\/wp-json\/wp\/v2\/types\/page"}],"author":[{"embeddable":true,"href":"https:\/\/www.rentacaralexzlatibor.com\/ru\/wp-json\/wp\/v2\/users\/1"}],"replies":[{"embeddable":true,"href":"https:\/\/www.rentacaralexzlatibor.com\/ru\/wp-json\/wp\/v2\/comments?post=1254"}],"version-history":[{"count":12,"href":"https:\/\/www.rentacaralexzlatibor.com\/ru\/wp-json\/wp\/v2\/pages\/1254\/revisions"}],"predecessor-version":[{"id":1600,"href":"https:\/\/www.rentacaralexzlatibor.com\/ru\/wp-json\/wp\/v2\/pages\/1254\/revisions\/1600"}],"wp:attachment":[{"href":"https:\/\/www.rentacaralexzlatibor.com\/ru\/wp-json\/wp\/v2\/media?parent=1254"}],"curies":[{"name":"wp","href":"https:\/\/api.w.org\/{rel}","templated":true}]}}